{"id":119,"date":"2024-11-23T14:37:07","date_gmt":"2024-11-23T14:37:07","guid":{"rendered":"https:\/\/alvarezcamposlegal.com\/?page_id=119"},"modified":"2025-04-22T09:38:57","modified_gmt":"2025-04-22T09:38:57","slug":"aviso-legal","status":"publish","type":"page","link":"https:\/\/alvarezcamposlegal.com\/index.php\/aviso-legal\/","title":{"rendered":"Aviso Legal"},"content":{"rendered":"\n<p><strong>Aviso Legal<\/strong><\/p>\n\n\n\n<p>El dominio&nbsp;<em>alvarezcamposlegal.com<\/em>&nbsp;es titularidad de Alvarez Campos Legal S.L., titular de los derechos de propiedad intelectual sobre las Webs y sus contenidos, sin perjuicio de los derechos leg\u00edtimos de terceros.<\/p>\n\n\n\n<p>La sociedad titular provista de CIF: B44646461, y tiene su domicilio a los efectos del presente Aviso Legal, en Carretera General Colloto Santander, 97 33010, Oviedo, Asturias. Usted puede ponerse en contacto con nosotros en el siguiente correo electr\u00f3nico:&nbsp;<strong>info@alvarezcamposlegal.com<\/strong><\/p>\n\n\n\n<p><em>T\u00e9rminos y condiciones<\/em><\/p>\n\n\n\n<p>El usuario accede voluntariamente a este sitio web. El acceso y navegaci\u00f3n en este sitio web implica aceptar y conocer las advertencias legales, condiciones y t\u00e9rminos de uso contenidos en ella, salvo aquellas que, de conformidad con la normativa vigente, requieran de aceptaci\u00f3n expresa. El mero acceso no implica el establecimiento de ning\u00fan tipo de relaci\u00f3n comercial entre Alvarez Campos Legal S.L., y el usuario.<\/p>\n\n\n\n<p>El Aviso Legal y\/o las Condiciones de los servicios prestados a trav\u00e9s del presente sitio web, podr\u00e1 sufrir modificaciones de cualquier tipo, cuando Alvarez Campos Legal S.L.,&nbsp;&nbsp;lo considere oportuno o con la finalidad de adecuarse a los cambios legislativos y tecnol\u00f3gicos futuros. Estas modificaciones ser\u00e1n notificadas convenientemente siendo v\u00e1lidas desde su publicaci\u00f3n en este sitio web, salvo manifestaci\u00f3n en contrario.<\/p>\n\n\n\n<p>Alvarez Campos Legal S.L.,&nbsp;&nbsp;se reserva el derecho a suspender o cancelar el acceso en el caso que se utilice para incumplir cualquier ley aplicable o las normas de uso habituales en internet, o bien si se utiliza su dominio en relaci\u00f3n con una actividad ilegal, as\u00ed como si se recibe notificaci\u00f3n en ese sentido emitido por una autoridad competente o en los dem\u00e1s supuestos contemplados por la legislaci\u00f3n vigente.<br>Los usuarios, en la utilizaci\u00f3n del sitio web y de los servicios vinculados al mismo, deber\u00e1n respetar las siguientes obligaciones:<\/p>\n\n\n\n<ul class=\"wp-block-list\">\n<li>No introducir, almacenar o difundir mediante el sitio web o a trav\u00e9s de cualquiera de los servicios vinculados al mismo ning\u00fan programa de ordenador, dato, virus, c\u00f3digo, o cualquier otro instrumento o dispositivo electr\u00f3nico que sea susceptible de causar da\u00f1os en el sitio web, en cualquiera de los servicios vinculados al mismo o en cualesquiera equipos, sistemas o redes de la titular del dominio, de cualquier usuario, de sus proveedores o en general de cualquier tercero, o que de otra forma sea capaz de causarles cualquier tipo de alteraci\u00f3n o impedir el normal funcionamiento del mismo.<\/li>\n\n\n\n<li>No destruir, alterar, inutilizar o da\u00f1ar los datos, informaciones, programas o documentos electr\u00f3nicos de la titular del dominio, de sus proveedores o de terceros.<\/li>\n\n\n\n<li>No utilizar los contenidos y en particular la informaci\u00f3n obtenida a trav\u00e9s del sitio web para remitir publicidad, enviar mensajes con fines de venta o con cualquier otro fin comercial, ni para recoger o almacenar datos personales de terceros.<\/li>\n\n\n\n<li>Deber\u00e1n abstenerse de eludir o manipular cualesquiera dispositivos t\u00e9cnicos establecidos, ya sea en el sitio web, en cualquiera de los servicios o en cualquiera de los materiales, elementos o informaci\u00f3n obtenidos a trav\u00e9s del mismo, para la protecci\u00f3n de sus derechos.<\/li>\n\n\n\n<li>Deber\u00e1n abstenerse de suprimir los signos identificativos de los derechos (de propiedad intelectual, industrial o cualquier otro) de la titular del dominio o de los terceros que figuren en el sitio web y en cada uno de los diversos servicios ofrecidos a trav\u00e9s de \u00e9l.<\/li>\n\n\n\n<li>Se abstendr\u00e1n de realizar cualquier actuaci\u00f3n que pudiera resultar en una desviaci\u00f3n de tr\u00e1fico del sitio web.<\/li>\n<\/ul>\n\n\n\n<p><em>Productos y\/o servicios<\/em><\/p>\n\n\n\n<ul class=\"wp-block-list\">\n<li>Alvarez Campos Legal S.L., ofrece determinados servicios\/productos a los usuarios, sometidos a los t\u00e9rminos y condiciones indicados en el presente sitio web, debiendo el usuario leer con atenci\u00f3n las condiciones que se apliquen a cada servicio, que en ning\u00fan caso eximir\u00e1n, salvo manifestaci\u00f3n expresa en contrario, del cumplimiento de lo expresado en el Aviso Legal.<\/li>\n<\/ul>\n\n\n\n<p><em>Contenidos<\/em><\/p>\n\n\n\n<p>Alvarez Campos Legal S.L., realiza los m\u00e1ximos esfuerzos para evitar errores en los contenidos que se publican en el sitio web. Todos los contenidos que se ofrecen a trav\u00e9s del sitio web se encuentran actualizados, reserv\u00e1ndose Alvarez Campos Legal S.L., la facultad de poder modificarlos en cualquier momento.&nbsp;<\/p>\n\n\n\n<p>Alvarez Campos Legal S.L., no se responsabiliza de las consecuencias que puedan derivarse de los errores en los contenidos proporcionados por terceros que puedan aparecer en este sitio web.<\/p>\n\n\n\n<p>Alvarez Campos Legal S.L., ofrece enlaces, directa o indirectamente, a recursos o sitios de Internet que se encuentran fuera del presente sitio web. La presencia de estos enlaces en el sitio web tienen una finalidad informativa.<\/p>\n\n\n\n<p><em>Limitaci\u00f3n de responsabilidad<\/em><\/p>\n\n\n\n<p>No se garantiza que los servicios del sitio Web sean ininterrumpidos, oportunos, seguros o libres de error, ni se ofrece ninguna garant\u00eda con respecto a los resultados que se puedan obtener del uso de los servicios o de la precisi\u00f3n o fiabilidad de cualquier informaci\u00f3n obtenida. No se controlan, ni se hacen propios, ni se garantiza la exactitud, calidad, veracidad, fiabilidad o idoneidad de las informaciones y servicios facilitados o prestados por terceros a trav\u00e9s del sitio Web. De igual forma, no controla y no garantiza la ausencia de virus u otros elementos lesivos en los contenidos o servicios facilitados o prestados por terceros a trav\u00e9s del sitio Web.<\/p>\n\n\n\n<p>Alvarez Campos Legal S.L., tampoco se responsabiliza del contenido de los sitios web a los que enlaza fuera de su p\u00e1gina. Tampoco ser\u00e1 responsable de cualquier da\u00f1o o p\u00e9rdida que pueda surgir por la conexi\u00f3n o por el uso de cualquier contenido, producto o servicio disponible en los sitios web a los que se dirijan los enlaces.&nbsp;<\/p>\n\n\n\n<p>Alvarez Campos Legal S.L., no puede garantizar la disponibilidad y el correcto funcionamiento de los enlaces a otros sitios web.<\/p>\n\n\n\n<p><em>Propiedad intelectual e industrial<\/em><\/p>\n\n\n\n<p>Este sitio web y los contenidos que alberga se encuentran protegidos por la legislaci\u00f3n vigente en materia de propiedad intelectual. Se proh\u00edbe la modificaci\u00f3n, copia, reproducci\u00f3n, descarga, transmisi\u00f3n, distribuci\u00f3n o transformaci\u00f3n de los contenidos del Portal, si no se tiene la autorizaci\u00f3n del titular de los correspondientes derechos o se encuentra legalmente permitido. El acceso al sitio web no supone en ning\u00fan caso adquisici\u00f3n por parte de los usuarios de derecho de propiedad alguno sobre los contenidos que figuran en el mismo.<\/p>\n\n\n\n<p>Las referencias a marcas comerciales o marcas registradas o signos distintivos, ya sean titularidad de Alvarez Campos Legal S.L. o de terceras empresas, llevan impl\u00edcitas la prohibici\u00f3n sobre su uso sin el consentimiento Alvarez Campos Legal S.L., o sus leg\u00edtimos propietarios.&nbsp;<\/p>\n\n\n\n<p>En ning\u00fan momento, salvo manifestaci\u00f3n expresa el acceso o uso del Portal y\/o de sus contenidos, confiere al usuario derecho alguno sobre las marcas, logos, y\/o signos distintivos en \u00e9l incluidos protegidos por Ley.<\/p>\n","protected":false},"excerpt":{"rendered":"<p>Aviso Legal El dominio&nbsp;alvarezcamposlegal.com&nbsp;es titularidad de Alvarez Campos Legal S.L., titular de los derechos de propiedad intelectual sobre las Webs y sus contenidos, sin perjuicio de los derechos leg\u00edtimos de terceros. La sociedad titular provista de CIF: B44646461, y tiene su domicilio a los efectos del presente Aviso Legal, en Carretera General Colloto Santander, 97 [&hellip;]<\/p>\n","protected":false},"author":1,"featured_media":0,"parent":0,"menu_order":0,"comment_status":"closed","ping_status":"closed","template":"","meta":{"_et_pb_use_builder":"off","_et_pb_old_content":"","_et_gb_content_width":"1080","_joinchat":[],"footnotes":""},"class_list":["post-119","page","type-page","status-publish","hentry"],"_links":{"self":[{"href":"https:\/\/alvarezcamposlegal.com\/index.php\/wp-json\/wp\/v2\/pages\/119","targetHints":{"allow":["GET"]}}],"collection":[{"href":"https:\/\/alvarezcamposlegal.com\/index.php\/wp-json\/wp\/v2\/pages"}],"about":[{"href":"https:\/\/alvarezcamposlegal.com\/index.php\/wp-json\/wp\/v2\/types\/page"}],"author":[{"embeddable":true,"href":"https:\/\/alvarezcamposlegal.com\/index.php\/wp-json\/wp\/v2\/users\/1"}],"replies":[{"embeddable":true,"href":"https:\/\/alvarezcamposlegal.com\/index.php\/wp-json\/wp\/v2\/comments?post=119"}],"version-history":[{"count":1,"href":"https:\/\/alvarezcamposlegal.com\/index.php\/wp-json\/wp\/v2\/pages\/119\/revisions"}],"predecessor-version":[{"id":120,"href":"https:\/\/alvarezcamposlegal.com\/index.php\/wp-json\/wp\/v2\/pages\/119\/revisions\/120"}],"wp:attachment":[{"href":"https:\/\/alvarezcamposlegal.com\/index.php\/wp-json\/wp\/v2\/media?parent=119"}],"curies":[{"name":"wp","href":"https:\/\/api.w.org\/{rel}","templated":true}]}}